{"id":182,"date":"2025-02-06T13:55:28","date_gmt":"2025-02-06T12:55:28","guid":{"rendered":"https:\/\/plombrek24.com\/?page_id=182"},"modified":"2025-06-18T23:49:12","modified_gmt":"2025-06-18T21:49:12","slug":"services","status":"publish","type":"page","link":"https:\/\/plombrek24.com\/index.php\/services\/","title":{"rendered":"SERVICES"},"content":{"rendered":"<p>[et_pb_section fb_built=&#8221;1&#8243; admin_label=&#8221;Header&#8221; _builder_version=&#8221;4.23.1&#8243; _module_preset=&#8221;default&#8221; background_color=&#8221;#000000&#8243; custom_padding=&#8221;||0px||false|false&#8221; collapsed=&#8221;on&#8221; global_colors_info=&#8221;{}&#8221;][et_pb_row _builder_version=&#8221;4.22.1&#8243; _module_preset=&#8221;default&#8221; max_width=&#8221;1280px&#8221; global_colors_info=&#8221;{}&#8221;][et_pb_column type=&#8221;4_4&#8243; _builder_version=&#8221;4.22.1&#8243; _module_preset=&#8221;default&#8221; global_colors_info=&#8221;{}&#8221;][et_pb_text _builder_version=&#8221;4.23.1&#8243; _module_preset=&#8221;c37964a0-cc13-4d83-bb8b-dd70cbf3fe5f&#8221; text_text_color=&#8221;#FFFFFF&#8221; header_text_color=&#8221;#FFFFFF&#8221; custom_margin=&#8221;||10px||false|false&#8221; hover_enabled=&#8221;0&#8243; locked=&#8221;off&#8221; global_colors_info=&#8221;{}&#8221; sticky_enabled=&#8221;0&#8243;]<\/p>\n<h1>Services<\/h1>\n<p>[\/et_pb_text][\/et_pb_column][\/et_pb_row][\/et_pb_section][et_pb_section fb_built=&#8221;1&#8243; admin_label=&#8221;Services&#8221; _builder_version=&#8221;4.23.1&#8243; _module_preset=&#8221;default&#8221; background_color=&#8221;#000000&#8243; collapsed=&#8221;on&#8221; global_colors_info=&#8221;{}&#8221;][et_pb_row column_structure=&#8221;1_3,1_3,1_3&#8243; use_custom_gutter=&#8221;on&#8221; gutter_width=&#8221;1&#8243; custom_padding_last_edited=&#8221;on|tablet&#8221; _builder_version=&#8221;4.23.1&#8243; _module_preset=&#8221;default&#8221; width=&#8221;100%&#8221; max_width=&#8221;2139px&#8221; custom_padding=&#8221;||20px||false|false&#8221; custom_padding_tablet=&#8221;||0px||false|false&#8221; custom_padding_phone=&#8221;||0px||false|false&#8221; locked=&#8221;off&#8221; global_colors_info=&#8221;{}&#8221;][et_pb_column type=&#8221;1_3&#8243; _builder_version=&#8221;4.23.1&#8243; _module_preset=&#8221;default&#8221; use_background_color_gradient=&#8221;on&#8221; background_color_gradient_direction=&#8221;90deg&#8221; background_color_gradient_stops=&#8221;rgba(0,0,0,0.8) 0%|rgba(255,255,255,0) 100%&#8221; background_color_gradient_overlays_image=&#8221;on&#8221; background_image=&#8221;http:\/\/plombrek24.com\/wp-content\/uploads\/2025\/02\/Design-sans-titre-2025-02-04T154854.781.png&#8221; custom_padding=&#8221;20%|40px|40px|40px|false|true&#8221; custom_padding_tablet=&#8221;|30px|30px|30px|false|true&#8221; custom_padding_phone=&#8221;|20px|20px|20px|false|true&#8221; custom_padding_last_edited=&#8221;on|tablet&#8221; link_option_url=&#8221;https:\/\/plombrek24.com\/index.php\/plomberie\/&#8221; global_colors_info=&#8221;{%22gcid-0a41bebc-0107-48f7-8173-6190cad71074%22:%91%22background_color_gradient_stops%22%93,%22gcid-fb7185f0-febc-426c-87a9-b6e9798849ab%22:%91%22background_color_gradient_stops%22%93}&#8221; background__hover_enabled=&#8221;on|hover&#8221; background_color_gradient_stops__hover=&#8221;#e02b20 0%|rgba(255,255,255,0) 100%&#8221; use_background_color_gradient__hover=&#8221;on&#8221;][et_pb_text _builder_version=&#8221;4.23.1&#8243; _module_preset=&#8221;23b4ec41-efaf-4061-98fd-2488ee62aa9c&#8221; header_3_text_color=&#8221;#FFFFFF&#8221; custom_margin=&#8221;||0px||false|false&#8221; global_colors_info=&#8221;{}&#8221;]<\/p>\n<h3>PLOMBERIE<\/h3>\n<p>[\/et_pb_text][et_pb_icon font_icon=&#8221;&#x24;||divi||400&#8243; icon_color=&#8221;#FFFFFF&#8221; url=&#8221;https:\/\/plombrek24.com\/index.php\/plomberie\/&#8221; align=&#8221;left&#8221; _builder_version=&#8221;4.23.1&#8243; _module_preset=&#8221;default&#8221; global_colors_info=&#8221;{}&#8221;][\/et_pb_icon][\/et_pb_column][et_pb_column type=&#8221;1_3&#8243; _builder_version=&#8221;4.23.1&#8243; _module_preset=&#8221;default&#8221; use_background_color_gradient=&#8221;on&#8221; background_color_gradient_direction=&#8221;90deg&#8221; background_color_gradient_stops=&#8221;rgba(0,0,0,0.8) 0%|rgba(255,255,255,0) 100%&#8221; background_color_gradient_overlays_image=&#8221;on&#8221; background_image=&#8221;http:\/\/plombrek24.com\/wp-content\/uploads\/2025\/02\/13.png&#8221; custom_padding=&#8221;20%|40px|40px|40px|false|true&#8221; custom_padding_tablet=&#8221;|30px|30px|30px|false|true&#8221; custom_padding_phone=&#8221;|20px|20px|20px|false|true&#8221; custom_padding_last_edited=&#8221;on|tablet&#8221; link_option_url=&#8221;https:\/\/plombrek24.com\/index.php\/electricite\/&#8221; global_colors_info=&#8221;{%22gcid-0a41bebc-0107-48f7-8173-6190cad71074%22:%91%22background_color_gradient_stops%22%93,%22gcid-fb7185f0-febc-426c-87a9-b6e9798849ab%22:%91%22background_color_gradient_stops%22%93}&#8221; use_background_color_gradient__hover=&#8221;on&#8221; background__hover_enabled=&#8221;on|hover&#8221; background_color_gradient_stops__hover=&#8221;#e02b20 0%|rgba(255,255,255,0) 100%&#8221;][et_pb_text _builder_version=&#8221;4.23.1&#8243; _module_preset=&#8221;23b4ec41-efaf-4061-98fd-2488ee62aa9c&#8221; header_3_text_color=&#8221;#FFFFFF&#8221; custom_margin=&#8221;||0px||false|false&#8221; global_colors_info=&#8221;{}&#8221;]<\/p>\n<h3>\u00c9L\u00c9CTRICIT\u00c9<\/h3>\n<p>[\/et_pb_text][et_pb_icon font_icon=&#8221;&#x24;||divi||400&#8243; icon_color=&#8221;#FFFFFF&#8221; url=&#8221;https:\/\/plombrek24.com\/index.php\/electricite&#8221; align=&#8221;left&#8221; _builder_version=&#8221;4.23.1&#8243; _module_preset=&#8221;default&#8221; global_colors_info=&#8221;{}&#8221;][\/et_pb_icon][\/et_pb_column][et_pb_column type=&#8221;1_3&#8243; _builder_version=&#8221;4.23.1&#8243; _module_preset=&#8221;default&#8221; use_background_color_gradient=&#8221;on&#8221; background_color_gradient_direction=&#8221;90deg&#8221; background_color_gradient_stops=&#8221;rgba(0,0,0,0.8) 0%|rgba(255,255,255,0) 100%&#8221; background_color_gradient_overlays_image=&#8221;on&#8221; background_image=&#8221;http:\/\/plombrek24.com\/wp-content\/uploads\/2025\/02\/Design-sans-titre-2025-02-06T134815.417.png&#8221; custom_padding=&#8221;20%|40px|40px|40px|false|true&#8221; custom_padding_tablet=&#8221;|30px|30px|30px|false|true&#8221; custom_padding_phone=&#8221;|20px|20px|20px|false|true&#8221; custom_padding_last_edited=&#8221;on|tablet&#8221; global_colors_info=&#8221;{%22gcid-0a41bebc-0107-48f7-8173-6190cad71074%22:%91%22background_color_gradient_stops%22%93,%22gcid-fb7185f0-febc-426c-87a9-b6e9798849ab%22:%91%22background_color_gradient_stops%22%93}&#8221; use_background_color_gradient__hover=&#8221;on&#8221; background__hover_enabled=&#8221;on|hover&#8221; background_color_gradient_stops__hover=&#8221;#e02b20 0%|rgba(255,255,255,0) 100%&#8221;][et_pb_text _builder_version=&#8221;4.23.1&#8243; _module_preset=&#8221;23b4ec41-efaf-4061-98fd-2488ee62aa9c&#8221; header_3_text_color=&#8221;#FFFFFF&#8221; custom_margin=&#8221;||0px||false|false&#8221; locked=&#8221;off&#8221; global_colors_info=&#8221;{}&#8221;]<\/p>\n<h3>SERRURERIE<\/h3>\n<p>[\/et_pb_text][et_pb_icon font_icon=&#8221;&#x24;||divi||400&#8243; icon_color=&#8221;#FFFFFF&#8221; url=&#8221;https:\/\/plombrek24.com\/index.php\/serrurerie\/&#8221; align=&#8221;left&#8221; _builder_version=&#8221;4.23.1&#8243; _module_preset=&#8221;default&#8221; locked=&#8221;off&#8221; global_colors_info=&#8221;{}&#8221;][\/et_pb_icon][\/et_pb_column][\/et_pb_row][\/et_pb_section]<\/p>\n","protected":false},"excerpt":{"rendered":"<p>ServicesPLOMBERIE\u00c9L\u00c9CTRICIT\u00c9SERRURERIE<\/p>\n","protected":false},"author":1,"featured_media":0,"parent":0,"menu_order":0,"comment_status":"closed","ping_status":"closed","template":"","meta":{"_et_pb_use_builder":"on","_et_pb_old_content":"","_et_gb_content_width":"","footnotes":""},"class_list":["post-182","page","type-page","status-publish","hentry"],"jetpack_sharing_enabled":true,"_links":{"self":[{"href":"https:\/\/plombrek24.com\/index.php\/wp-json\/wp\/v2\/pages\/182","targetHints":{"allow":["GET"]}}],"collection":[{"href":"https:\/\/plombrek24.com\/index.php\/wp-json\/wp\/v2\/pages"}],"about":[{"href":"https:\/\/plombrek24.com\/index.php\/wp-json\/wp\/v2\/types\/page"}],"author":[{"embeddable":true,"href":"https:\/\/plombrek24.com\/index.php\/wp-json\/wp\/v2\/users\/1"}],"replies":[{"embeddable":true,"href":"https:\/\/plombrek24.com\/index.php\/wp-json\/wp\/v2\/comments?post=182"}],"version-history":[{"count":5,"href":"https:\/\/plombrek24.com\/index.php\/wp-json\/wp\/v2\/pages\/182\/revisions"}],"predecessor-version":[{"id":361,"href":"https:\/\/plombrek24.com\/index.php\/wp-json\/wp\/v2\/pages\/182\/revisions\/361"}],"wp:attachment":[{"href":"https:\/\/plombrek24.com\/index.php\/wp-json\/wp\/v2\/media?parent=182"}],"curies":[{"name":"wp","href":"https:\/\/api.w.org\/{rel}","templated":true}]}}