{"id":54,"date":"2025-01-04T15:40:02","date_gmt":"2025-01-04T14:40:02","guid":{"rendered":"https:\/\/plombrek24.com\/?page_id=54"},"modified":"2025-05-12T20:42:02","modified_gmt":"2025-05-12T18:42:02","slug":"tarifs","status":"publish","type":"page","link":"https:\/\/plombrek24.com\/index.php\/tarifs\/","title":{"rendered":"TARIFS"},"content":{"rendered":"<p>[et_pb_section fb_built=&#8221;1&#8243; admin_label=&#8221;Header&#8221; _builder_version=&#8221;4.23.1&#8243; _module_preset=&#8221;default&#8221; background_color=&#8221;#000000&#8243; collapsed=&#8221;on&#8221; global_colors_info=&#8221;{}&#8221;][et_pb_row _builder_version=&#8221;4.17.4&#8243; _module_preset=&#8221;default&#8221; global_colors_info=&#8221;{}&#8221;][et_pb_column type=&#8221;4_4&#8243; _builder_version=&#8221;4.17.4&#8243; _module_preset=&#8221;default&#8221; global_colors_info=&#8221;{}&#8221;][et_pb_text _builder_version=&#8221;4.23.1&#8243; _module_preset=&#8221;c16985e1-e0d6-4022-964d-e2bfc04fa633&#8243; text_text_color=&#8221;#FFFFFF&#8221; header_font=&#8221;Inter|700|||||||&#8221; header_text_color=&#8221;#FFFFFF&#8221; header_font_size=&#8221;75px&#8221; header_line_height=&#8221;1.2em&#8221; header_font_size_tablet=&#8221;40px&#8221; header_font_size_phone=&#8221;24px&#8221; header_font_size_last_edited=&#8221;on|desktop&#8221; global_colors_info=&#8221;{}&#8221;]<\/p>\n<h1>TARIFS<\/h1>\n<p>[\/et_pb_text][et_pb_text _builder_version=&#8221;4.23.1&#8243; _module_preset=&#8221;default&#8221; global_colors_info=&#8221;{}&#8221;]<\/p>\n<p><span>Nos d\u00e9placements sont \u00e0 partir de 89\u20ac HT en journ\u00e9e, des frais de majorations peuvent s\u2019appliquer en soir\u00e9e, week-end et f\u00e9ri\u00e9. <\/span><\/p>\n<p><span>Pour tous devis, nous vous invitons \u00e0 cliquer sur l\u2019onglet \u00ab\u00a0demander une intervention\u00a0\u00bb nous vous r\u00e9pondrons sous 48h maximum<\/span><span>\u00a0<\/span><\/p>\n<p>[\/et_pb_text][\/et_pb_column][\/et_pb_row][et_pb_row _builder_version=&#8221;4.23.1&#8243; _module_preset=&#8221;default&#8221;][et_pb_column _builder_version=&#8221;4.23.1&#8243; _module_preset=&#8221;default&#8221; type=&#8221;4_4&#8243;][et_pb_button button_text=&#8221;DEMANDER UNE INTERVENTION&#8221; _builder_version=&#8221;4.23.1&#8243; _module_preset=&#8221;default&#8221; button_alignment=&#8221;center&#8221; hover_enabled=&#8221;0&#8243; sticky_enabled=&#8221;0&#8243;][\/et_pb_button][\/et_pb_column][\/et_pb_row][\/et_pb_section][et_pb_section fb_built=&#8221;1&#8243; _builder_version=&#8221;4.23.1&#8243; _module_preset=&#8221;default&#8221; background_image=&#8221;http:\/\/plombrek24.com\/wp-content\/uploads\/2025\/05\/Design-sans-titre-12.png&#8221; parallax=&#8221;on&#8221; custom_padding=&#8221;256px||77px|||&#8221; global_colors_info=&#8221;{}&#8221;][et_pb_row _builder_version=&#8221;4.23.1&#8243; _module_preset=&#8221;default&#8221; global_colors_info=&#8221;{}&#8221;][et_pb_column type=&#8221;4_4&#8243; _builder_version=&#8221;4.23.1&#8243; _module_preset=&#8221;default&#8221; global_colors_info=&#8221;{}&#8221;][\/et_pb_column][\/et_pb_row][\/et_pb_section]<\/p>\n","protected":false},"excerpt":{"rendered":"<p>TARIFSNos d\u00e9placements sont \u00e0 partir de 89\u20ac HT en journ\u00e9e, des frais de majorations peuvent s\u2019appliquer en soir\u00e9e, week-end et f\u00e9ri\u00e9. Pour tous devis, nous vous invitons \u00e0 cliquer sur l\u2019onglet \u00ab\u00a0demander une intervention\u00a0\u00bb nous vous r\u00e9pondrons sous 48h maximum\u00a0<\/p>\n","protected":false},"author":1,"featured_media":0,"parent":0,"menu_order":0,"comment_status":"closed","ping_status":"closed","template":"","meta":{"_et_pb_use_builder":"on","_et_pb_old_content":"<!-- wp:divi\/placeholder \/-->","_et_gb_content_width":"","footnotes":""},"class_list":["post-54","page","type-page","status-publish","hentry"],"jetpack_sharing_enabled":true,"_links":{"self":[{"href":"https:\/\/plombrek24.com\/index.php\/wp-json\/wp\/v2\/pages\/54","targetHints":{"allow":["GET"]}}],"collection":[{"href":"https:\/\/plombrek24.com\/index.php\/wp-json\/wp\/v2\/pages"}],"about":[{"href":"https:\/\/plombrek24.com\/index.php\/wp-json\/wp\/v2\/types\/page"}],"author":[{"embeddable":true,"href":"https:\/\/plombrek24.com\/index.php\/wp-json\/wp\/v2\/users\/1"}],"replies":[{"embeddable":true,"href":"https:\/\/plombrek24.com\/index.php\/wp-json\/wp\/v2\/comments?post=54"}],"version-history":[{"count":4,"href":"https:\/\/plombrek24.com\/index.php\/wp-json\/wp\/v2\/pages\/54\/revisions"}],"predecessor-version":[{"id":245,"href":"https:\/\/plombrek24.com\/index.php\/wp-json\/wp\/v2\/pages\/54\/revisions\/245"}],"wp:attachment":[{"href":"https:\/\/plombrek24.com\/index.php\/wp-json\/wp\/v2\/media?parent=54"}],"curies":[{"name":"wp","href":"https:\/\/api.w.org\/{rel}","templated":true}]}}