{"id":56,"date":"2025-01-04T15:40:11","date_gmt":"2025-01-04T14:40:11","guid":{"rendered":"https:\/\/plombrek24.com\/?page_id=56"},"modified":"2025-02-04T15:44:54","modified_gmt":"2025-02-04T14:44:54","slug":"contact","status":"publish","type":"page","link":"https:\/\/plombrek24.com\/index.php\/contact\/","title":{"rendered":"CONTACT"},"content":{"rendered":"<p>[et_pb_section fb_built=&#8221;1&#8243; use_custom_gutter=&#8221;on&#8221; specialty=&#8221;on&#8221; padding_top_2=&#8221;250px&#8221; padding_right_2=&#8221;15vw&#8221; padding_bottom_2=&#8221;0px&#8221; padding_left_2=&#8221;100px&#8221; padding_top_bottom_link_2=&#8221;false&#8221; padding_2_tablet=&#8221;80px|60px|80px|60px|true|true&#8221; padding_2_phone=&#8221;60px|50px||50px||true&#8221; padding_2_last_edited=&#8221;on|desktop&#8221; admin_label=&#8221;Header&#8221; _builder_version=&#8221;4.23.1&#8243; background_enable_image=&#8221;off&#8221; background_size=&#8221;initial&#8221; background_position=&#8221;bottom_right&#8221; inner_width=&#8221;100%&#8221; inner_max_width=&#8221;100%&#8221; custom_padding=&#8221;0px|0px|0|0px|false|false&#8221; use_custom_width=&#8221;on&#8221; width_unit=&#8221;off&#8221; custom_width_percent=&#8221;100%&#8221; global_colors_info=&#8221;{}&#8221; use_background_color_gradient__hover=&#8221;off&#8221; use_background_color_gradient__hover_enabled=&#8221;off&#8221; background_color_gradient_start__hover=&#8221;#2b87da&#8221; background_color_gradient_start__hover_enabled=&#8221;#2b87da&#8221; background_color_gradient_end__hover=&#8221;#29c4a9&#8243; background_color_gradient_end__hover_enabled=&#8221;#29c4a9&#8243; background_color_gradient_type__hover=&#8221;linear&#8221; background_color_gradient_type__hover_enabled=&#8221;linear&#8221; background_color_gradient_direction__hover=&#8221;180deg&#8221; background_color_gradient_direction__hover_enabled=&#8221;180deg&#8221; background_color_gradient_direction_radial__hover=&#8221;center&#8221; background_color_gradient_direction_radial__hover_enabled=&#8221;center&#8221; background_color_gradient_start_position__hover=&#8221;0%&#8221; background_color_gradient_start_position__hover_enabled=&#8221;0%&#8221; background_color_gradient_end_position__hover=&#8221;100%&#8221; background_color_gradient_end_position__hover_enabled=&#8221;100%&#8221; background_color_gradient_overlays_image__hover=&#8221;off&#8221; background_color_gradient_overlays_image__hover_enabled=&#8221;off&#8221; parallax__hover=&#8221;off&#8221; parallax__hover_enabled=&#8221;off&#8221; parallax_method__hover=&#8221;on&#8221; parallax_method__hover_enabled=&#8221;on&#8221; background_size__hover=&#8221;cover&#8221; background_size__hover_enabled=&#8221;cover&#8221; background_position__hover=&#8221;center&#8221; background_position__hover_enabled=&#8221;center&#8221; background_repeat__hover=&#8221;no-repeat&#8221; background_repeat__hover_enabled=&#8221;no-repeat&#8221; background_blend__hover=&#8221;normal&#8221; background_blend__hover_enabled=&#8221;normal&#8221; allow_player_pause__hover=&#8221;off&#8221; allow_player_pause__hover_enabled=&#8221;off&#8221; background_video_pause_outside_viewport__hover=&#8221;on&#8221; background_video_pause_outside_viewport__hover_enabled=&#8221;on&#8221; background_color_gradient_stops__hover=&#8221;#2b87da 0%|#29c4a9 100%&#8221;][et_pb_column type=&#8221;1_2&#8243; specialty_columns=&#8221;2&#8243; _builder_version=&#8221;4.16&#8243; custom_padding=&#8221;|||&#8221; global_colors_info=&#8221;{}&#8221; parallax__hover=&#8221;off&#8221; parallax_method__hover=&#8221;on&#8221; custom_padding__hover=&#8221;|||&#8221;][et_pb_row_inner custom_padding_last_edited=&#8221;on|phone&#8221; _builder_version=&#8221;4.23.1&#8243; use_background_color_gradient=&#8221;on&#8221; background_color_gradient_direction=&#8221;120deg&#8221; background_color_gradient_stops=&#8221;gcid-05d03477-ef2b-46a9-a7c8-7a224f091a49 0%|gcid-f2f63115-d0fb-4d8e-8246-357ff5f5d335 100%&#8221; background_color_gradient_overlays_image=&#8221;on&#8221; background_color_gradient_start=&#8221;#3d0dad&#8221; background_color_gradient_end=&#8221;rgba(42,63,201,0.77)&#8221; background_enable_image=&#8221;off&#8221; custom_padding=&#8221;10vw|100px|14vw|150px|false|false&#8221; custom_padding_tablet=&#8221;150px|60px|150px|60px|true|true&#8221; custom_padding_phone=&#8221;100px|50px|100px|50px|true|true&#8221; border_radii=&#8221;|||150px|&#8221; box_shadow_style=&#8221;preset3&#8243; box_shadow_vertical=&#8221;39px&#8221; box_shadow_blur=&#8221;200px&#8221; box_shadow_spread=&#8221;-40px&#8221; global_colors_info=&#8221;{%22gcid-05d03477-ef2b-46a9-a7c8-7a224f091a49%22:%91%22background_color_gradient_stops%22%93,%22gcid-f2f63115-d0fb-4d8e-8246-357ff5f5d335%22:%91%22background_color_gradient_stops%22%93}&#8221;][et_pb_column_inner saved_specialty_column_type=&#8221;1_2&#8243; _builder_version=&#8221;4.23.1&#8243; custom_padding=&#8221;|||&#8221; global_colors_info=&#8221;{}&#8221; parallax__hover=&#8221;off&#8221; parallax_method__hover=&#8221;on&#8221; custom_padding__hover=&#8221;|||&#8221;][et_pb_text _builder_version=&#8221;4.23.1&#8243; text_font=&#8221;Work Sans||||||||&#8221; text_font_size=&#8221;19px&#8221; text_line_height=&#8221;1.5em&#8221; header_font=&#8221;Work Sans|700|||||||&#8221; header_font_size=&#8221;51px&#8221; header_line_height=&#8221;1.2em&#8221; background_layout=&#8221;dark&#8221; max_width=&#8221;450px&#8221; max_width_tablet=&#8221;&#8221; max_width_phone=&#8221;&#8221; max_width_last_edited=&#8221;on|desktop&#8221; text_font_size_tablet=&#8221;18px&#8221; text_font_size_phone=&#8221;16px&#8221; text_font_size_last_edited=&#8221;on|phone&#8221; header_font_size_tablet=&#8221;40px&#8221; header_font_size_phone=&#8221;28px&#8221; header_font_size_last_edited=&#8221;on|phone&#8221; global_colors_info=&#8221;{}&#8221;]<\/p>\n<h1>Contactez nous<\/h1>\n<p>Pour toute urgence, n\u2019h\u00e9sitez pas \u00e0 nous contacter. Notre \u00e9quipe est disponible 24h\/24 et 7j\/7 pour vous apporter des solutions rapides et fiables.<\/p>\n<p>[\/et_pb_text][\/et_pb_column_inner][\/et_pb_row_inner][\/et_pb_column][et_pb_column type=&#8221;1_2&#8243; _builder_version=&#8221;4.16&#8243; custom_padding=&#8221;|||&#8221; global_colors_info=&#8221;{}&#8221; padding_phone__hover=&#8221;60px|50px||50px||true&#8221; padding_tablet__hover=&#8221;80px|60px|80px|60px|true|true&#8221; padding_last_edited__hover=&#8221;on|desktop&#8221; padding_bottom__hover=&#8221;0px&#8221; padding_left__hover=&#8221;100px&#8221; padding_right__hover=&#8221;15vw&#8221; padding_top__hover=&#8221;250px&#8221; parallax__hover=&#8221;off&#8221; parallax_method__hover=&#8221;on&#8221; padding_phone=&#8221;60px|50px||50px||true&#8221; padding_tablet=&#8221;80px|60px|80px|60px|true|true&#8221; padding_last_edited=&#8221;on|desktop&#8221; custom_padding__hover=&#8221;|||&#8221;][\/et_pb_column][\/et_pb_section][et_pb_section fb_built=&#8221;1&#8243; specialty=&#8221;on&#8221; admin_label=&#8221;Contact Info&#8221; _builder_version=&#8221;4.16&#8243; locked=&#8221;off&#8221; global_colors_info=&#8221;{}&#8221;][et_pb_column type=&#8221;1_2&#8243; _builder_version=&#8221;4.16&#8243; custom_padding=&#8221;|||&#8221; global_colors_info=&#8221;{}&#8221; parallax__hover=&#8221;off&#8221; parallax_method__hover=&#8221;on&#8221; custom_padding__hover=&#8221;|||&#8221;][\/et_pb_column][et_pb_column type=&#8221;1_2&#8243; specialty_columns=&#8221;2&#8243; _builder_version=&#8221;4.16&#8243; custom_padding=&#8221;|||&#8221; global_colors_info=&#8221;{}&#8221; parallax__hover=&#8221;off&#8221; parallax_method__hover=&#8221;on&#8221; custom_padding__hover=&#8221;|||&#8221;][et_pb_row_inner padding_top_bottom_link_1=&#8221;true&#8221; padding_left_right_link_1=&#8221;true&#8221; _builder_version=&#8221;4.23.1&#8243; background_color=&#8221;gcid-e1b6ea15-d547-4751-a332-46ef1aaca26d&#8221; use_background_color_gradient=&#8221;on&#8221; background_color_gradient_direction=&#8221;140deg&#8221; background_color_gradient_stops=&#8221;gcid-f2f63115-d0fb-4d8e-8246-357ff5f5d335 0%|gcid-05d03477-ef2b-46a9-a7c8-7a224f091a49 100%&#8221; background_color_gradient_start=&#8221;#62de9d&#8221; custom_margin=&#8221;-28vw||&#8221; animation_style=&#8221;flip&#8221; border_radii=&#8221;|30px|||&#8221; box_shadow_style=&#8221;preset3&#8243; box_shadow_vertical=&#8221;42px&#8221; box_shadow_blur=&#8221;108px&#8221; box_shadow_spread=&#8221;-26px&#8221; box_shadow_color=&#8221;gcid-f2f63115-d0fb-4d8e-8246-357ff5f5d335&#8243; global_colors_info=&#8221;{%22gcid-e1b6ea15-d547-4751-a332-46ef1aaca26d%22:%91%22background_color%22%93,%22gcid-f2f63115-d0fb-4d8e-8246-357ff5f5d335%22:%91%22background_color_gradient_stops%22,%22box_shadow_color%22%93,%22gcid-05d03477-ef2b-46a9-a7c8-7a224f091a49%22:%91%22background_color_gradient_stops%22%93}&#8221;][et_pb_column_inner saved_specialty_column_type=&#8221;1_2&#8243; _builder_version=&#8221;4.23.1&#8243; background_enable_color=&#8221;off&#8221; custom_padding=&#8221;40px|40px|40px|40px&#8221; global_colors_info=&#8221;{%22gcid-05d03477-ef2b-46a9-a7c8-7a224f091a49%22:%91%22background_color%22%93}&#8221; padding_bottom__hover=&#8221;40px&#8221; padding_left__hover=&#8221;40px&#8221; padding_right__hover=&#8221;40px&#8221; padding_top__hover=&#8221;40px&#8221; parallax__hover=&#8221;off&#8221; parallax_method__hover=&#8221;on&#8221; custom_padding__hover=&#8221;|||&#8221;][et_pb_blurb title=&#8221;TELEPHONE&#8221; use_icon=&#8221;on&#8221; font_icon=&#8221;&#xe090;||divi||400&#8243; icon_color=&#8221;#ffffff&#8221; icon_placement=&#8221;left&#8221; image_icon_width=&#8221;18px&#8221; content_max_width=&#8221;100%&#8221; _builder_version=&#8221;4.23.1&#8243; header_font=&#8221;Work Sans|600||on|||||&#8221; header_font_size=&#8221;14px&#8221; header_letter_spacing=&#8221;2px&#8221; header_line_height=&#8221;1.2em&#8221; body_font=&#8221;Work Sans||||||||&#8221; body_font_size=&#8221;16px&#8221; body_line_height=&#8221;1.5em&#8221; background_layout=&#8221;dark&#8221; custom_margin=&#8221;||40px&#8221; animation=&#8221;off&#8221; body_font_size_tablet=&#8221;16px&#8221; body_font_size_phone=&#8221;14px&#8221; body_font_size_last_edited=&#8221;on|phone&#8221; icon_font_size=&#8221;18px&#8221; locked=&#8221;off&#8221; global_colors_info=&#8221;{}&#8221; body_font_size__hover=&#8221;14px&#8221; body_font_size__hover_enabled=&#8221;14px&#8221;]<\/p>\n<p>07 83 23 52 04<\/p>\n<p>[\/et_pb_blurb][et_pb_blurb title=&#8221;MAIL&#8221; use_icon=&#8221;on&#8221; font_icon=&#8221;&#xe076;||divi||400&#8243; icon_color=&#8221;#ffffff&#8221; icon_placement=&#8221;left&#8221; image_icon_width=&#8221;18px&#8221; content_max_width=&#8221;100%&#8221; _builder_version=&#8221;4.23.1&#8243; header_font=&#8221;Work Sans|600||on|||||&#8221; header_font_size=&#8221;14px&#8221; header_letter_spacing=&#8221;2px&#8221; header_line_height=&#8221;1.2em&#8221; body_font=&#8221;Work Sans||||||||&#8221; body_font_size=&#8221;16px&#8221; body_line_height=&#8221;1.5em&#8221; background_layout=&#8221;dark&#8221; custom_margin=&#8221;||40px&#8221; animation=&#8221;off&#8221; body_font_size_tablet=&#8221;16px&#8221; body_font_size_phone=&#8221;14px&#8221; body_font_size_last_edited=&#8221;on|phone&#8221; icon_font_size=&#8221;18px&#8221; locked=&#8221;off&#8221; global_colors_info=&#8221;{}&#8221; body_font_size__hover=&#8221;14px&#8221; body_font_size__hover_enabled=&#8221;14px&#8221;]<\/p>\n<p>plombrek24@gmail.com<\/p>\n<p>[\/et_pb_blurb][et_pb_blurb title=&#8221;HORAIRES&#8221; use_icon=&#8221;on&#8221; font_icon=&#8221;&#xe06b;||divi||400&#8243; icon_color=&#8221;#ffffff&#8221; icon_placement=&#8221;left&#8221; image_icon_width=&#8221;18px&#8221; content_max_width=&#8221;100%&#8221; _builder_version=&#8221;4.23.1&#8243; header_font=&#8221;Work Sans|600||on|||||&#8221; header_font_size=&#8221;14px&#8221; header_letter_spacing=&#8221;2px&#8221; header_line_height=&#8221;1.2em&#8221; body_font=&#8221;Work Sans||||||||&#8221; body_font_size=&#8221;16px&#8221; body_line_height=&#8221;1.5em&#8221; background_layout=&#8221;dark&#8221; custom_margin=&#8221;||40px&#8221; animation=&#8221;off&#8221; body_font_size_tablet=&#8221;16px&#8221; body_font_size_phone=&#8221;14px&#8221; body_font_size_last_edited=&#8221;on|phone&#8221; icon_font_size=&#8221;18px&#8221; locked=&#8221;off&#8221; global_colors_info=&#8221;{}&#8221; body_font_size__hover=&#8221;14px&#8221; body_font_size__hover_enabled=&#8221;14px&#8221;]<\/p>\n<p>24\/24, 7j\/7<\/p>\n<p>[\/et_pb_blurb][\/et_pb_column_inner][\/et_pb_row_inner][\/et_pb_column][\/et_pb_section][et_pb_section fb_built=&#8221;1&#8243; _builder_version=&#8221;4.23.1&#8243; _module_preset=&#8221;default&#8221; global_colors_info=&#8221;{}&#8221;][et_pb_row _builder_version=&#8221;4.23.1&#8243; _module_preset=&#8221;default&#8221; global_colors_info=&#8221;{}&#8221;][et_pb_column type=&#8221;4_4&#8243; _builder_version=&#8221;4.23.1&#8243; _module_preset=&#8221;default&#8221; global_colors_info=&#8221;{}&#8221;][et_pb_text _builder_version=&#8221;4.23.1&#8243; _module_preset=&#8221;default&#8221; text_font=&#8221;|700||on|||||&#8221; text_text_color=&#8221;gcid-e1b6ea15-d547-4751-a332-46ef1aaca26d&#8221; text_font_size=&#8221;43px&#8221; header_font=&#8221;|700||on|||||&#8221; header_text_align=&#8221;center&#8221; header_text_color=&#8221;gcid-05d03477-ef2b-46a9-a7c8-7a224f091a49&#8243; header_font_size=&#8221;60px&#8221; text_orientation=&#8221;center&#8221; global_colors_info=&#8221;{%22gcid-e1b6ea15-d547-4751-a332-46ef1aaca26d%22:%91%22text_text_color%22%93,%22gcid-05d03477-ef2b-46a9-a7c8-7a224f091a49%22:%91%22header_text_color%22%93}&#8221;]<\/p>\n<p>FAQ<\/p>\n<p>[\/et_pb_text][\/et_pb_column][\/et_pb_row][et_pb_row _builder_version=&#8221;4.23.1&#8243; _module_preset=&#8221;default&#8221; global_colors_info=&#8221;{}&#8221;][et_pb_column type=&#8221;4_4&#8243; _builder_version=&#8221;4.23.1&#8243; _module_preset=&#8221;default&#8221; global_colors_info=&#8221;{}&#8221;][et_pb_toggle title=&#8221;Quel type de services proposez-vous ?&#8221; _builder_version=&#8221;4.23.1&#8243; _module_preset=&#8221;default&#8221; body_text_color=&#8221;#000000&#8243; global_colors_info=&#8221;{}&#8221;]<\/p>\n<p>Nous proposons des services de d\u00e9pannage d\u2019urgence en plomberie, \u00e9lectricit\u00e9 et serrurerie.<br \/>Voici quelques exemples de nos interventions :<br \/>&#8211; Plomberie : fuites d\u2019eau, tuyaux bouch\u00e9s, remplacement de chauffe-eau, d\u00e9bouchage<br \/>de canalisations, etc.<br \/>&#8211; \u00c9lectricit\u00e9 : pannes de courant, courts-circuits, probl\u00e8me de prise ou d\u2019interrupteur,<br \/>mise aux normes \u00e9lectriques, etc.<br \/>&#8211; Serrurerie : ouverture de portes, remplacement de serrures, cl\u00e9s cass\u00e9es, portes bloqu\u00e9es, etc.<\/p>\n<p>[\/et_pb_toggle][et_pb_toggle title=&#8221;Comment puis-je vous contacter en cas d&#8217;urgence ?&#8221; _builder_version=&#8221;4.23.1&#8243; _module_preset=&#8221;default&#8221; body_text_color=&#8221;#000000&#8243; custom_margin=&#8221;-19px|||||&#8221; hover_enabled=&#8221;0&#8243; global_colors_info=&#8221;{}&#8221; sticky_enabled=&#8221;0&#8243;]<\/p>\n<p>Vous pouvez nous joindre \u00e0 tout moment par t\u00e9l\u00e9phone au 07 83 23 52 04, 24 heures sur 24, 7 jours sur 7. Si vous pr\u00e9f\u00e9rez, vous pouvez \u00e9galement nous envoyer un mail sur plombrek24@gmail.com ou remplir le formulaire de contact sur notre site web.<\/p>\n<p>[\/et_pb_toggle][et_pb_toggle title=&#8221;Combien de temps faut-il pour qu&#8217;un technicien arrive sur place ?&#8221; _builder_version=&#8221;4.23.1&#8243; _module_preset=&#8221;default&#8221; body_text_color=&#8221;#000000&#8243; custom_margin=&#8221;-19px|||||&#8221; global_colors_info=&#8221;{}&#8221;]<\/p>\n<p>Nous comprenons l\u2019urgence de votre situation. Nos techniciens sont disponibles<br \/>imm\u00e9diatement et interviennent dans les meilleurs d\u00e9lais, g\u00e9n\u00e9ralement sous 30 \u00e0 60 minutes, selon votre localisation.<\/p>\n<p>[\/et_pb_toggle][et_pb_toggle title=&#8221;Est-ce que vous proposez des services en dehors des horaires classiques ?&#8221; _builder_version=&#8221;4.23.1&#8243; _module_preset=&#8221;default&#8221; body_text_color=&#8221;#000000&#8243; custom_margin=&#8221;-19px|||||&#8221; global_colors_info=&#8221;{}&#8221;]<\/p>\n<p>Oui, nous sommes disponibles 24 heures sur 24 et 7 jours sur 7, y compris les week-ends et jours f\u00e9ri\u00e9s. Peu importe l\u2019heure ou le jour, nous pouvons intervenir en cas d\u2019urgence.<\/p>\n<p>[\/et_pb_toggle][et_pb_toggle title=&#8221;Comment conna\u00eetre le prix d&#8217;une intervention avait qu&#8217;elle ai lieu ?&#8221; _builder_version=&#8221;4.23.1&#8243; _module_preset=&#8221;default&#8221; body_text_color=&#8221;#000000&#8243; custom_margin=&#8221;-19px|||||&#8221; global_colors_info=&#8221;{}&#8221;]<\/p>\n<p>Une intervention d\u2019urgence est toujours tr\u00e8s sensible, il est pratiquement impossible de donner le prix d\u2019une intervention d\u2019urgence si le technicien n\u2019est pas sur place pour proc\u00e9der \u00e0 un diagnostic ou un devis.<br \/>Mais il est important de noter que nos interventions d\u00e9butent \u00e0 partir de 89\u20ac hors taxe.<\/p>\n<p>[\/et_pb_toggle][et_pb_toggle title=&#8221;Est-ce que vous travaillez avec des assurances ?&#8221; _builder_version=&#8221;4.23.1&#8243; _module_preset=&#8221;default&#8221; body_text_color=&#8221;#000000&#8243; custom_margin=&#8221;-19px|||||&#8221; global_colors_info=&#8221;{}&#8221;]<\/p>\n<p>Non, nous ne collaborons pas directement avec des compagnies d\u2019assurances.<br \/>Cependant, si vous \u00eates couvert par une assurance, nous pourrons vous fournir les documents n\u00e9cessaires pour le remboursement des frais d\u2019intervention. Nous vous conseillons de contacter votre assureur pour conna\u00eetre les d\u00e9marches sp\u00e9cifiques \u00e0 suivre.<\/p>\n<p>[\/et_pb_toggle][et_pb_toggle title=&#8221;Est-ce que vous fournissez des garanties sur vos prestations ?&#8221; _builder_version=&#8221;4.23.1&#8243; _module_preset=&#8221;default&#8221; body_text_color=&#8221;#000000&#8243; custom_margin=&#8221;-19px|||||&#8221; global_colors_info=&#8221;{}&#8221;]<\/p>\n<p>Oui, toutes nos interventions sont couvertes par une garantie de satisfaction. Si le probl\u00e8me persiste apr\u00e8s notre passage, nous reviendrons pour le r\u00e9soudre sans frais suppl\u00e9mentaires. De plus, les pi\u00e8ces que nous rempla\u00e7ons sont garanties selon les termes des fournisseurs<\/p>\n<p>[\/et_pb_toggle][et_pb_toggle title=&#8221;Que faire en cas de probl\u00e8me urgent avant l&#8217;arriv\u00e9e du technicien ?&#8221; _builder_version=&#8221;4.23.1&#8243; _module_preset=&#8221;default&#8221; body_text_color=&#8221;#000000&#8243; custom_margin=&#8221;-19px|||||&#8221; global_colors_info=&#8221;{}&#8221;]<\/p>\n<p>En attendant l\u2019arriv\u00e9e de notre technicien, voici quelques conseils pour limiter les d\u00e9g\u00e2ts :<br \/>&#8211; Plomberie : Si vous avez une fuite d\u2019eau, coupez l\u2019eau \u00e0 la source (g\u00e9n\u00e9ralement \u00e0<br \/>votre compteur d\u2019eau).<br \/>&#8211; \u00c9lectricit\u00e9 : Si vous faites face \u00e0 une panne \u00e9lectrique importante, coupez<br \/>l\u2019alimentation g\u00e9n\u00e9rale et \u00e9vitez d\u2019utiliser des appareils \u00e9lectriques.<br \/>&#8211; Serrurerie : Si vous \u00eates coinc\u00e9 dehors ou \u00e0 l\u2019int\u00e9rieur de votre logement, ne tentez<br \/>pas de forcer la serrure. Contactez-nous imm\u00e9diatement, et nous interviendrons<br \/>rapidement<\/p>\n<p>[\/et_pb_toggle][et_pb_toggle title=&#8221;Puis-je obtenir un devis pour un d\u00e9pannage non urgent ?&#8221; _builder_version=&#8221;4.23.1&#8243; _module_preset=&#8221;default&#8221; body_text_color=&#8221;#000000&#8243; custom_margin=&#8221;-19px|||||&#8221; global_colors_info=&#8221;{}&#8221;]<\/p>\n<p>Oui, nous proposons des devis pour des interventions de d\u00e9pannage non urgentes en plomberie, \u00e9lectricit\u00e9 ou serrurerie. Il vous suffit de nous contacter pour expliquer votre situation, et nous vous ferons parvenir un devis adapt\u00e9.<\/p>\n<p>[\/et_pb_toggle][\/et_pb_column][\/et_pb_row][\/et_pb_section]<\/p>\n","protected":false},"excerpt":{"rendered":"<p>Contactez nous Pour toute urgence, n\u2019h\u00e9sitez pas \u00e0 nous contacter. Notre \u00e9quipe est disponible 24h\/24 et 7j\/7 pour vous apporter des solutions rapides et fiables.07 83 23 52 04plombrek24@gmail.com24\/24, 7j\/7FAQNous proposons des services de d\u00e9pannage d\u2019urgence en plomberie, \u00e9lectricit\u00e9 et serrurerie.Voici quelques exemples de nos interventions :- Plomberie : fuites d\u2019eau, tuyaux bouch\u00e9s, remplacement de [&hellip;]<\/p>\n","protected":false},"author":1,"featured_media":0,"parent":0,"menu_order":0,"comment_status":"closed","ping_status":"closed","template":"","meta":{"_et_pb_use_builder":"on","_et_pb_old_content":"<!-- wp:divi\/placeholder \/-->","_et_gb_content_width":"","footnotes":""},"class_list":["post-56","page","type-page","status-publish","hentry"],"jetpack_sharing_enabled":true,"_links":{"self":[{"href":"https:\/\/plombrek24.com\/index.php\/wp-json\/wp\/v2\/pages\/56","targetHints":{"allow":["GET"]}}],"collection":[{"href":"https:\/\/plombrek24.com\/index.php\/wp-json\/wp\/v2\/pages"}],"about":[{"href":"https:\/\/plombrek24.com\/index.php\/wp-json\/wp\/v2\/types\/page"}],"author":[{"embeddable":true,"href":"https:\/\/plombrek24.com\/index.php\/wp-json\/wp\/v2\/users\/1"}],"replies":[{"embeddable":true,"href":"https:\/\/plombrek24.com\/index.php\/wp-json\/wp\/v2\/comments?post=56"}],"version-history":[{"count":5,"href":"https:\/\/plombrek24.com\/index.php\/wp-json\/wp\/v2\/pages\/56\/revisions"}],"predecessor-version":[{"id":152,"href":"https:\/\/plombrek24.com\/index.php\/wp-json\/wp\/v2\/pages\/56\/revisions\/152"}],"wp:attachment":[{"href":"https:\/\/plombrek24.com\/index.php\/wp-json\/wp\/v2\/media?parent=56"}],"curies":[{"name":"wp","href":"https:\/\/api.w.org\/{rel}","templated":true}]}}